{"id":3219,"date":"2023-02-24T17:23:56","date_gmt":"2023-02-24T16:23:56","guid":{"rendered":"http:\/\/rossocorsa.www190-92-135-130.a2hosted.com\/?page_id=3219"},"modified":"2023-06-20T15:31:21","modified_gmt":"2023-06-20T13:31:21","slug":"sell","status":"publish","type":"page","link":"https:\/\/www.rossocorsa.gi\/es\/sell\/","title":{"rendered":"Vender"},"content":{"rendered":"<div data-elementor-type=\"wp-page\" data-elementor-id=\"3219\" class=\"elementor elementor-3219\">\n\t\t\t\t\t\t\t<div class=\"elementor-element elementor-element-ccc683d e-con-boxed e-flex elementor-invisible e-con\" data-id=\"ccc683d\" data-element_type=\"container\" data-settings=\"{&quot;background_background&quot;:&quot;video&quot;,&quot;background_video_link&quot;:&quot;https:\\\/\\\/www.rossocorsa.gi\\\/wp-content\\\/uploads\\\/2023\\\/02\\\/Rosso-Corsa-homepage-banner-video-01.mp4&quot;,&quot;background_play_on_mobile&quot;:&quot;yes&quot;,&quot;animation&quot;:&quot;fadeIn&quot;,&quot;content_width&quot;:&quot;boxed&quot;}\">\n\t\t\t\t\t<div class=\"e-con-inner\">\n\t\t<div class=\"elementor-background-video-container\">\n\t\t\t\t\t\t\t<video class=\"elementor-background-video-hosted elementor-html5-video\" autoplay muted playsinline loop><\/video>\n\t\t\t\t\t<\/div>\t\t<div class=\"elementor-element elementor-element-665b972 elementor-widget elementor-widget-spacer\" data-id=\"665b972\" data-element_type=\"widget\" data-widget_type=\"spacer.default\">\n\t\t\t\t<div class=\"elementor-widget-container\">\n\t\t\t<style>\/*! elementor - v3.13.3 - 28-05-2023 *\/\n.elementor-column .elementor-spacer-inner{height:var(--spacer-size)}.e-con{--container-widget-width:100%}.e-con-inner>.elementor-widget-spacer,.e-con>.elementor-widget-spacer{width:var(--container-widget-width,var(--spacer-size));--align-self:var(--container-widget-align-self,initial);--flex-shrink:0}.e-con-inner>.elementor-widget-spacer>.elementor-widget-container,.e-con-inner>.elementor-widget-spacer>.elementor-widget-container>.elementor-spacer,.e-con>.elementor-widget-spacer>.elementor-widget-container,.e-con>.elementor-widget-spacer>.elementor-widget-container>.elementor-spacer{height:100%}.e-con-inner>.elementor-widget-spacer>.elementor-widget-container>.elementor-spacer>.elementor-spacer-inner,.e-con>.elementor-widget-spacer>.elementor-widget-container>.elementor-spacer>.elementor-spacer-inner{height:var(--container-widget-height,var(--spacer-size))}<\/style>\t\t<div class=\"elementor-spacer\">\n\t\t\t<div class=\"elementor-spacer-inner\"><\/div>\n\t\t<\/div>\n\t\t\t\t<\/div>\n\t\t\t\t<\/div>\n\t\t\t\t\t<\/div>\n\t\t\t\t<\/div>\n\t\t<div class=\"elementor-element elementor-element-5a9ce45 e-con-full e-flex elementor-invisible e-con\" data-id=\"5a9ce45\" data-element_type=\"container\" data-settings=\"{&quot;content_width&quot;:&quot;full&quot;,&quot;animation&quot;:&quot;fadeIn&quot;}\">\n\t\t\t\t<div class=\"elementor-element elementor-element-f4073d7 elementor-widget elementor-widget-spacer\" data-id=\"f4073d7\" data-element_type=\"widget\" data-widget_type=\"spacer.default\">\n\t\t\t\t<div class=\"elementor-widget-container\">\n\t\t\t\t\t<div class=\"elementor-spacer\">\n\t\t\t<div class=\"elementor-spacer-inner\"><\/div>\n\t\t<\/div>\n\t\t\t\t<\/div>\n\t\t\t\t<\/div>\n\t\t\t\t<\/div>\n\t\t<div class=\"elementor-element elementor-element-763fb49 e-con-boxed e-flex elementor-invisible e-con\" data-id=\"763fb49\" data-element_type=\"container\" data-settings=\"{&quot;animation&quot;:&quot;fadeIn&quot;,&quot;content_width&quot;:&quot;boxed&quot;}\">\n\t\t\t\t\t<div class=\"e-con-inner\">\n\t\t\t\t<div class=\"elementor-element elementor-element-1fc8a74 elementor-widget elementor-widget-heading\" data-id=\"1fc8a74\" data-element_type=\"widget\" data-widget_type=\"heading.default\">\n\t\t\t\t<div class=\"elementor-widget-container\">\n\t\t\t<style>\/*! elementor - v3.13.3 - 28-05-2023 *\/\n.elementor-heading-title{padding:0;margin:0;line-height:1}.elementor-widget-heading .elementor-heading-title[class*=elementor-size-]>a{color:inherit;font-size:inherit;line-height:inherit}.elementor-widget-heading .elementor-heading-title.elementor-size-small{font-size:15px}.elementor-widget-heading .elementor-heading-title.elementor-size-medium{font-size:19px}.elementor-widget-heading .elementor-heading-title.elementor-size-large{font-size:29px}.elementor-widget-heading .elementor-heading-title.elementor-size-xl{font-size:39px}.elementor-widget-heading .elementor-heading-title.elementor-size-xxl{font-size:59px}<\/style><h1 class=\"elementor-heading-title elementor-size-default\">Venda su Ferrari en Rosso Corsa<\/h1>\t\t<\/div>\n\t\t\t\t<\/div>\n\t\t\t\t<div class=\"elementor-element elementor-element-0a00b8c elementor-widget elementor-widget-image\" data-id=\"0a00b8c\" data-element_type=\"widget\" data-widget_type=\"image.default\">\n\t\t\t\t<div class=\"elementor-widget-container\">\n\t\t\t<style>\/*! elementor - v3.13.3 - 28-05-2023 *\/\n.elementor-widget-image{text-align:center}.elementor-widget-image a{display:inline-block}.elementor-widget-image a img[src$=\".svg\"]{width:48px}.elementor-widget-image img{vertical-align:middle;display:inline-block}<\/style>\t\t\t\t\t\t\t\t\t\t\t\t<img loading=\"lazy\" decoding=\"async\" width=\"1376\" height=\"523\" src=\"https:\/\/www.rossocorsa.gi\/wp-content\/uploads\/2023\/03\/sell-your-ferrari.jpg\" class=\"attachment-full size-full wp-image-3814\" alt=\"\" srcset=\"https:\/\/www.rossocorsa.gi\/wp-content\/uploads\/2023\/03\/sell-your-ferrari.jpg 1376w, https:\/\/www.rossocorsa.gi\/wp-content\/uploads\/2023\/03\/sell-your-ferrari-300x114.jpg 300w, https:\/\/www.rossocorsa.gi\/wp-content\/uploads\/2023\/03\/sell-your-ferrari-1024x389.jpg 1024w, https:\/\/www.rossocorsa.gi\/wp-content\/uploads\/2023\/03\/sell-your-ferrari-768x292.jpg 768w, https:\/\/www.rossocorsa.gi\/wp-content\/uploads\/2023\/03\/sell-your-ferrari-18x7.jpg 18w\" sizes=\"auto, (max-width: 1376px) 100vw, 1376px\" \/>\t\t\t\t\t\t\t\t\t\t\t\t\t\t\t<\/div>\n\t\t\t\t<\/div>\n\t\t<div class=\"elementor-element elementor-element-dd7a971 e-con-full e-flex e-con\" data-id=\"dd7a971\" data-element_type=\"container\" data-settings=\"{&quot;content_width&quot;:&quot;full&quot;}\">\n\t\t<div class=\"elementor-element elementor-element-b8923fe e-con-boxed e-flex e-con\" data-id=\"b8923fe\" data-element_type=\"container\" data-settings=\"{&quot;content_width&quot;:&quot;boxed&quot;}\">\n\t\t\t\t\t<div class=\"e-con-inner\">\n\t\t\t\t<div class=\"elementor-element elementor-element-7ff4990 elementor-widget elementor-widget-heading\" data-id=\"7ff4990\" data-element_type=\"widget\" data-widget_type=\"heading.default\">\n\t\t\t\t<div class=\"elementor-widget-container\">\n\t\t\t<h2 class=\"elementor-heading-title elementor-size-default\">\u00a1VENDE TU FERRARI EN ROSSO CORSA!<\/h2>\t\t<\/div>\n\t\t\t\t<\/div>\n\t\t\t\t<div class=\"elementor-element elementor-element-76eba23 styled_links elementor-widget elementor-widget-text-editor\" data-id=\"76eba23\" data-element_type=\"widget\" data-widget_type=\"text-editor.default\">\n\t\t\t\t<div class=\"elementor-widget-container\">\n\t\t\t<style>\/*! elementor - v3.13.3 - 28-05-2023 *\/\n.elementor-widget-text-editor.elementor-drop-cap-view-stacked .elementor-drop-cap{background-color:#69727d;color:#fff}.elementor-widget-text-editor.elementor-drop-cap-view-framed .elementor-drop-cap{color:#69727d;border:3px solid;background-color:transparent}.elementor-widget-text-editor:not(.elementor-drop-cap-view-default) .elementor-drop-cap{margin-top:8px}.elementor-widget-text-editor:not(.elementor-drop-cap-view-default) .elementor-drop-cap-letter{width:1em;height:1em}.elementor-widget-text-editor .elementor-drop-cap{float:left;text-align:center;line-height:1;font-size:50px}.elementor-widget-text-editor .elementor-drop-cap-letter{display:inline-block}<\/style>\t\t\t\t<p>La puerta de nuestro departamento de ventas y compras est\u00e1 siempre abierta, si desea vender su Ferrari o quiere cambiarlo por otro de nuestros coches, \u00a1estamos aqu\u00ed para ayudarle! Tambi\u00e9n ofrecemos servicios de venta o devoluci\u00f3n, por lo que puede dejar su coche con nosotros y nos encargaremos de todo el proceso de venta; desde la comercializaci\u00f3n de su Ferrari en toda Europa para encontrar el comprador adecuado, la gesti\u00f3n de todo el papeleo y la organizaci\u00f3n de mantenimiento e inspecciones, siempre y cuando sea necesario.<\/p>\t\t\t\t\t\t<\/div>\n\t\t\t\t<\/div>\n\t\t\t\t\t<\/div>\n\t\t\t\t<\/div>\n\t\t<div class=\"elementor-element elementor-element-29506ac e-con-boxed e-flex e-con\" data-id=\"29506ac\" data-element_type=\"container\" data-settings=\"{&quot;content_width&quot;:&quot;boxed&quot;}\">\n\t\t\t\t\t<div class=\"e-con-inner\">\n\t\t\t\t<div class=\"elementor-element elementor-element-c451fc6 elementor-widget elementor-widget-heading\" data-id=\"c451fc6\" data-element_type=\"widget\" data-widget_type=\"heading.default\">\n\t\t\t\t<div class=\"elementor-widget-container\">\n\t\t\t<h2 class=\"elementor-heading-title elementor-size-default\">Comercializaci\u00f3n de Ferrari en Rosso Corsa<\/h2>\t\t<\/div>\n\t\t\t\t<\/div>\n\t\t\t\t<div class=\"elementor-element elementor-element-1d6d77e styled_links elementor-widget elementor-widget-text-editor\" data-id=\"1d6d77e\" data-element_type=\"widget\" data-widget_type=\"text-editor.default\">\n\t\t\t\t<div class=\"elementor-widget-container\">\n\t\t\t\t\t\t\t<p>Comercializamos veh\u00edculos en una amplia gama de plataformas publicitarias, como Autoscout24, Mobile.de, Facebook Business, Google, Instagram y tambi\u00e9n revistas y portales especializadas. Nuestra misi\u00f3n es asegurarnos de que todo el mundo sepa que Ferrari es mucho m\u00e1s que una marca; Ferrari es un estilo de vida que se puede disfrutar todos los d\u00edas.<\/p>\t\t\t\t\t\t<\/div>\n\t\t\t\t<\/div>\n\t\t\t\t\t<\/div>\n\t\t\t\t<\/div>\n\t\t<div class=\"elementor-element elementor-element-1cdfffe e-con-boxed e-flex e-con\" data-id=\"1cdfffe\" data-element_type=\"container\" data-settings=\"{&quot;content_width&quot;:&quot;boxed&quot;}\">\n\t\t\t\t\t<div class=\"e-con-inner\">\n\t\t\t\t<div class=\"elementor-element elementor-element-5629657 elementor-widget elementor-widget-heading\" data-id=\"5629657\" data-element_type=\"widget\" data-widget_type=\"heading.default\">\n\t\t\t\t<div class=\"elementor-widget-container\">\n\t\t\t<h2 class=\"elementor-heading-title elementor-size-default\">Cont\u00e1ctenos para una valoraci\u00f3n sin compromiso de su Ferrari<\/h2>\t\t<\/div>\n\t\t\t\t<\/div>\n\t\t\t\t<div class=\"elementor-element elementor-element-d450ff3 styled_links elementor-widget elementor-widget-text-editor\" data-id=\"d450ff3\" data-element_type=\"widget\" data-widget_type=\"text-editor.default\">\n\t\t\t\t<div class=\"elementor-widget-container\">\n\t\t\t\t\t\t\t<p>Nuestros especialistas expertos se pondr\u00e1n en contacto con usted en breve para obtener detalles de la historia y las caracter\u00edsticas de su Ferrari, por lo que nuestros especialistas con experiencia Ferrari pueden proporcionar una valoraci\u00f3n GRATUITA basada en las condiciones del mercado y el valor real de su Ferrari.<\/p>\t\t\t\t\t\t<\/div>\n\t\t\t\t<\/div>\n\t\t\t\t<div class=\"elementor-element elementor-element-48639c6 elementor-position-right elementor-vertical-align-middle e-transform elementor-view-default elementor-widget elementor-widget-icon-box\" data-id=\"48639c6\" data-element_type=\"widget\" data-settings=\"{&quot;_transform_translateX_effect_hover&quot;:{&quot;unit&quot;:&quot;px&quot;,&quot;size&quot;:10,&quot;sizes&quot;:[]},&quot;_transform_translateX_effect_hover_tablet&quot;:{&quot;unit&quot;:&quot;px&quot;,&quot;size&quot;:&quot;&quot;,&quot;sizes&quot;:[]},&quot;_transform_translateX_effect_hover_mobile&quot;:{&quot;unit&quot;:&quot;px&quot;,&quot;size&quot;:&quot;&quot;,&quot;sizes&quot;:[]},&quot;_transform_translateY_effect_hover&quot;:{&quot;unit&quot;:&quot;px&quot;,&quot;size&quot;:&quot;&quot;,&quot;sizes&quot;:[]},&quot;_transform_translateY_effect_hover_tablet&quot;:{&quot;unit&quot;:&quot;px&quot;,&quot;size&quot;:&quot;&quot;,&quot;sizes&quot;:[]},&quot;_transform_translateY_effect_hover_mobile&quot;:{&quot;unit&quot;:&quot;px&quot;,&quot;size&quot;:&quot;&quot;,&quot;sizes&quot;:[]}}\" data-widget_type=\"icon-box.default\">\n\t\t\t\t<div class=\"elementor-widget-container\">\n\t\t\t<link rel=\"stylesheet\" href=\"https:\/\/www.rossocorsa.gi\/wp-content\/plugins\/elementor\/assets\/css\/widget-icon-box.min.css\">\t\t<div class=\"elementor-icon-box-wrapper\">\n\t\t\t\t\t\t<div class=\"elementor-icon-box-icon\">\n\t\t\t\t<a class=\"elementor-icon elementor-animation-\" href=\"#elementor-action:action=popup:open&settings=eyJpZCI6IjM5MDkiLCJ0b2dnbGUiOmZhbHNlfQ==\">\n\t\t\t\t<svg xmlns=\"http:\/\/www.w3.org\/2000\/svg\" id=\"Layer_1\" data-name=\"Layer 1\" width=\"50\" height=\"50\" viewbox=\"0 0 50 50\"><path d=\"M30.19,24.3335h0l-10.38-9.33,6.006,9.33L19.81,34.9965l10.38-10.662h0ZM25,2a23.0066,23.0066,0,0,0-8.952,44.1934A23.0065,23.0065,0,0,0,33.952,3.8066,22.8535,22.8535,0,0,0,25,2m0-2A25,25,0,1,1,0,25,25,25,0,0,1,25,0Z\"><\/path><\/svg>\t\t\t\t<\/a>\n\t\t\t<\/div>\n\t\t\t\t\t\t<div class=\"elementor-icon-box-content\">\n\t\t\t\t<div class=\"elementor-icon-box-title\">\n\t\t\t\t\t<a href=\"#elementor-action:action=popup:open&settings=eyJpZCI6IjM5MDkiLCJ0b2dnbGUiOmZhbHNlfQ==\" >\n\t\t\t\t\t\tObtenga una valoraci\u00f3n\t\t\t\t\t<\/a>\n\t\t\t\t<\/div>\n\t\t\t\t\t\t\t<\/div>\n\t\t<\/div>\n\t\t\t\t<\/div>\n\t\t\t\t<\/div>\n\t\t\t\t\t<\/div>\n\t\t\t\t<\/div>\n\t\t\t\t<\/div>\n\t\t\t\t\t<\/div>\n\t\t\t\t<\/div>\n\t\t\t\t\t\t\t<\/div>","protected":false},"excerpt":{"rendered":"<p>Sell your Ferrari in Rosso Corsa SELL YOUR FERRARI IN ROSSO CORSA! Our sales and buying department door is always open, if you wish to sell your Ferrari or want to trade it in for another of our cars, we\u2019re here to help! We also provide sale or return services, whereby you can leave your [&hellip;]<\/p>","protected":false},"author":2,"featured_media":0,"parent":0,"menu_order":8,"comment_status":"closed","ping_status":"closed","template":"","meta":{"footnotes":""},"class_list":["post-3219","page","type-page","status-publish","hentry"],"acf":[],"_links":{"self":[{"href":"https:\/\/www.rossocorsa.gi\/es\/wp-json\/wp\/v2\/pages\/3219","targetHints":{"allow":["GET"]}}],"collection":[{"href":"https:\/\/www.rossocorsa.gi\/es\/wp-json\/wp\/v2\/pages"}],"about":[{"href":"https:\/\/www.rossocorsa.gi\/es\/wp-json\/wp\/v2\/types\/page"}],"author":[{"embeddable":true,"href":"https:\/\/www.rossocorsa.gi\/es\/wp-json\/wp\/v2\/users\/2"}],"replies":[{"embeddable":true,"href":"https:\/\/www.rossocorsa.gi\/es\/wp-json\/wp\/v2\/comments?post=3219"}],"version-history":[{"count":10,"href":"https:\/\/www.rossocorsa.gi\/es\/wp-json\/wp\/v2\/pages\/3219\/revisions"}],"predecessor-version":[{"id":10091,"href":"https:\/\/www.rossocorsa.gi\/es\/wp-json\/wp\/v2\/pages\/3219\/revisions\/10091"}],"wp:attachment":[{"href":"https:\/\/www.rossocorsa.gi\/es\/wp-json\/wp\/v2\/media?parent=3219"}],"curies":[{"name":"wp","href":"https:\/\/api.w.org\/{rel}","templated":true}]}}