{"id":3217,"date":"2023-02-24T17:23:49","date_gmt":"2023-02-24T16:23:49","guid":{"rendered":"http:\/\/rossocorsa.www190-92-135-130.a2hosted.com\/?page_id=3217"},"modified":"2023-06-20T15:30:21","modified_gmt":"2023-06-20T13:30:21","slug":"service","status":"publish","type":"page","link":"https:\/\/www.rossocorsa.gi\/es\/service\/","title":{"rendered":"Servicios"},"content":{"rendered":"<div data-elementor-type=\"wp-page\" data-elementor-id=\"3217\" class=\"elementor elementor-3217\">\n\t\t\t\t\t\t\t<div class=\"elementor-element elementor-element-fba8ade e-con-boxed e-flex elementor-invisible e-con\" data-id=\"fba8ade\" data-element_type=\"container\" data-settings=\"{&quot;background_background&quot;:&quot;video&quot;,&quot;background_video_link&quot;:&quot;https:\\\/\\\/www.rossocorsa.gi\\\/wp-content\\\/uploads\\\/2023\\\/02\\\/Rosso-Corsa-homepage-banner-video-01.mp4&quot;,&quot;background_play_on_mobile&quot;:&quot;yes&quot;,&quot;animation&quot;:&quot;fadeIn&quot;,&quot;content_width&quot;:&quot;boxed&quot;}\">\n\t\t\t\t\t<div class=\"e-con-inner\">\n\t\t<div class=\"elementor-background-video-container\">\n\t\t\t\t\t\t\t<video class=\"elementor-background-video-hosted elementor-html5-video\" autoplay muted playsinline loop><\/video>\n\t\t\t\t\t<\/div>\t\t<div class=\"elementor-element elementor-element-7196222 elementor-widget elementor-widget-spacer\" data-id=\"7196222\" data-element_type=\"widget\" data-widget_type=\"spacer.default\">\n\t\t\t\t<div class=\"elementor-widget-container\">\n\t\t\t<style>\/*! elementor - v3.13.3 - 28-05-2023 *\/\n.elementor-column .elementor-spacer-inner{height:var(--spacer-size)}.e-con{--container-widget-width:100%}.e-con-inner>.elementor-widget-spacer,.e-con>.elementor-widget-spacer{width:var(--container-widget-width,var(--spacer-size));--align-self:var(--container-widget-align-self,initial);--flex-shrink:0}.e-con-inner>.elementor-widget-spacer>.elementor-widget-container,.e-con-inner>.elementor-widget-spacer>.elementor-widget-container>.elementor-spacer,.e-con>.elementor-widget-spacer>.elementor-widget-container,.e-con>.elementor-widget-spacer>.elementor-widget-container>.elementor-spacer{height:100%}.e-con-inner>.elementor-widget-spacer>.elementor-widget-container>.elementor-spacer>.elementor-spacer-inner,.e-con>.elementor-widget-spacer>.elementor-widget-container>.elementor-spacer>.elementor-spacer-inner{height:var(--container-widget-height,var(--spacer-size))}<\/style>\t\t<div class=\"elementor-spacer\">\n\t\t\t<div class=\"elementor-spacer-inner\"><\/div>\n\t\t<\/div>\n\t\t\t\t<\/div>\n\t\t\t\t<\/div>\n\t\t\t\t\t<\/div>\n\t\t\t\t<\/div>\n\t\t<div class=\"elementor-element elementor-element-4462643 e-con-full e-flex elementor-invisible e-con\" data-id=\"4462643\" data-element_type=\"container\" data-settings=\"{&quot;content_width&quot;:&quot;full&quot;,&quot;animation&quot;:&quot;fadeIn&quot;}\">\n\t\t\t\t<div class=\"elementor-element elementor-element-8c6411c elementor-widget elementor-widget-spacer\" data-id=\"8c6411c\" data-element_type=\"widget\" data-widget_type=\"spacer.default\">\n\t\t\t\t<div class=\"elementor-widget-container\">\n\t\t\t\t\t<div class=\"elementor-spacer\">\n\t\t\t<div class=\"elementor-spacer-inner\"><\/div>\n\t\t<\/div>\n\t\t\t\t<\/div>\n\t\t\t\t<\/div>\n\t\t\t\t<\/div>\n\t\t<div class=\"elementor-element elementor-element-a47f23d e-con-boxed e-flex elementor-invisible e-con\" data-id=\"a47f23d\" data-element_type=\"container\" data-settings=\"{&quot;animation&quot;:&quot;fadeIn&quot;,&quot;content_width&quot;:&quot;boxed&quot;}\">\n\t\t\t\t\t<div class=\"e-con-inner\">\n\t\t\t\t<div class=\"elementor-element elementor-element-8f2bcfd elementor-widget elementor-widget-heading\" data-id=\"8f2bcfd\" data-element_type=\"widget\" data-widget_type=\"heading.default\">\n\t\t\t\t<div class=\"elementor-widget-container\">\n\t\t\t<style>\/*! elementor - v3.13.3 - 28-05-2023 *\/\n.elementor-heading-title{padding:0;margin:0;line-height:1}.elementor-widget-heading .elementor-heading-title[class*=elementor-size-]>a{color:inherit;font-size:inherit;line-height:inherit}.elementor-widget-heading .elementor-heading-title.elementor-size-small{font-size:15px}.elementor-widget-heading .elementor-heading-title.elementor-size-medium{font-size:19px}.elementor-widget-heading .elementor-heading-title.elementor-size-large{font-size:29px}.elementor-widget-heading .elementor-heading-title.elementor-size-xl{font-size:39px}.elementor-widget-heading .elementor-heading-title.elementor-size-xxl{font-size:59px}<\/style><h1 class=\"elementor-heading-title elementor-size-default\">Servicios<\/h1>\t\t<\/div>\n\t\t\t\t<\/div>\n\t\t\t\t<div class=\"elementor-element elementor-element-f115e9b styled_links elementor-widget elementor-widget-text-editor\" data-id=\"f115e9b\" data-element_type=\"widget\" data-widget_type=\"text-editor.default\">\n\t\t\t\t<div class=\"elementor-widget-container\">\n\t\t\t<style>\/*! elementor - v3.13.3 - 28-05-2023 *\/\n.elementor-widget-text-editor.elementor-drop-cap-view-stacked .elementor-drop-cap{background-color:#69727d;color:#fff}.elementor-widget-text-editor.elementor-drop-cap-view-framed .elementor-drop-cap{color:#69727d;border:3px solid;background-color:transparent}.elementor-widget-text-editor:not(.elementor-drop-cap-view-default) .elementor-drop-cap{margin-top:8px}.elementor-widget-text-editor:not(.elementor-drop-cap-view-default) .elementor-drop-cap-letter{width:1em;height:1em}.elementor-widget-text-editor .elementor-drop-cap{float:left;text-align:center;line-height:1;font-size:50px}.elementor-widget-text-editor .elementor-drop-cap-letter{display:inline-block}<\/style>\t\t\t\t<p>Rosso Corsa Servicios trabaja con pasi\u00f3n, coraz\u00f3n y se centra al 100% en la atenci\u00f3n al detalle. Nuestro objetivo es ofrecer resultados \u00f3ptimos al tiempo que atiende a las necesidades de cada cliente. Nuestro equipo tiene una amplia experiencia en el mantenimiento de todos los modelos de Ferrari, desde los m\u00e1s modernos hasta los cl\u00e1sicos. Mantener y reparar coches tan sofisticados es un \u00e1rea de experiencia extremadamente especializada, que no todos los talleres pueden ofrecer. Nuestro taller est\u00e1 preparado para ofrecerle un servicio de primera clase dise\u00f1ado para proteger y conservar la excelencia y el bienestar de su coche.<\/p>\t\t\t\t\t\t<\/div>\n\t\t\t\t<\/div>\n\t\t\t\t<div class=\"elementor-element elementor-element-382838b elementor-widget elementor-widget-image\" data-id=\"382838b\" data-element_type=\"widget\" data-widget_type=\"image.default\">\n\t\t\t\t<div class=\"elementor-widget-container\">\n\t\t\t<style>\/*! elementor - v3.13.3 - 28-05-2023 *\/\n.elementor-widget-image{text-align:center}.elementor-widget-image a{display:inline-block}.elementor-widget-image a img[src$=\".svg\"]{width:48px}.elementor-widget-image img{vertical-align:middle;display:inline-block}<\/style>\t\t\t\t\t\t\t\t\t\t\t\t<img loading=\"lazy\" decoding=\"async\" width=\"1376\" height=\"523\" src=\"https:\/\/www.rossocorsa.gi\/wp-content\/uploads\/2023\/03\/rosso-corsa-service-wide.jpg\" class=\"attachment-full size-full wp-image-3810\" alt=\"\" srcset=\"https:\/\/www.rossocorsa.gi\/wp-content\/uploads\/2023\/03\/rosso-corsa-service-wide.jpg 1376w, https:\/\/www.rossocorsa.gi\/wp-content\/uploads\/2023\/03\/rosso-corsa-service-wide-300x114.jpg 300w, https:\/\/www.rossocorsa.gi\/wp-content\/uploads\/2023\/03\/rosso-corsa-service-wide-1024x389.jpg 1024w, https:\/\/www.rossocorsa.gi\/wp-content\/uploads\/2023\/03\/rosso-corsa-service-wide-768x292.jpg 768w, https:\/\/www.rossocorsa.gi\/wp-content\/uploads\/2023\/03\/rosso-corsa-service-wide-18x7.jpg 18w\" sizes=\"auto, (max-width: 1376px) 100vw, 1376px\" \/>\t\t\t\t\t\t\t\t\t\t\t\t\t\t\t<\/div>\n\t\t\t\t<\/div>\n\t\t\t\t<div class=\"elementor-element elementor-element-7d2e751 elementor-position-right elementor-vertical-align-middle e-transform elementor-view-default elementor-widget elementor-widget-icon-box\" data-id=\"7d2e751\" data-element_type=\"widget\" data-settings=\"{&quot;_transform_translateX_effect_hover&quot;:{&quot;unit&quot;:&quot;px&quot;,&quot;size&quot;:10,&quot;sizes&quot;:[]},&quot;_transform_translateX_effect_hover_tablet&quot;:{&quot;unit&quot;:&quot;px&quot;,&quot;size&quot;:&quot;&quot;,&quot;sizes&quot;:[]},&quot;_transform_translateX_effect_hover_mobile&quot;:{&quot;unit&quot;:&quot;px&quot;,&quot;size&quot;:&quot;&quot;,&quot;sizes&quot;:[]},&quot;_transform_translateY_effect_hover&quot;:{&quot;unit&quot;:&quot;px&quot;,&quot;size&quot;:&quot;&quot;,&quot;sizes&quot;:[]},&quot;_transform_translateY_effect_hover_tablet&quot;:{&quot;unit&quot;:&quot;px&quot;,&quot;size&quot;:&quot;&quot;,&quot;sizes&quot;:[]},&quot;_transform_translateY_effect_hover_mobile&quot;:{&quot;unit&quot;:&quot;px&quot;,&quot;size&quot;:&quot;&quot;,&quot;sizes&quot;:[]}}\" data-widget_type=\"icon-box.default\">\n\t\t\t\t<div class=\"elementor-widget-container\">\n\t\t\t<link rel=\"stylesheet\" href=\"https:\/\/www.rossocorsa.gi\/wp-content\/plugins\/elementor\/assets\/css\/widget-icon-box.min.css\">\t\t<div class=\"elementor-icon-box-wrapper\">\n\t\t\t\t\t\t<div class=\"elementor-icon-box-icon\">\n\t\t\t\t<a class=\"elementor-icon elementor-animation-\" href=\"#elementor-action:action=popup:open&settings=eyJpZCI6IjM5MTgiLCJ0b2dnbGUiOmZhbHNlfQ==\">\n\t\t\t\t<svg xmlns=\"http:\/\/www.w3.org\/2000\/svg\" id=\"Layer_1\" data-name=\"Layer 1\" width=\"50\" height=\"50\" viewbox=\"0 0 50 50\"><path d=\"M30.19,24.3335h0l-10.38-9.33,6.006,9.33L19.81,34.9965l10.38-10.662h0ZM25,2a23.0066,23.0066,0,0,0-8.952,44.1934A23.0065,23.0065,0,0,0,33.952,3.8066,22.8535,22.8535,0,0,0,25,2m0-2A25,25,0,1,1,0,25,25,25,0,0,1,25,0Z\"><\/path><\/svg>\t\t\t\t<\/a>\n\t\t\t<\/div>\n\t\t\t\t\t\t<div class=\"elementor-icon-box-content\">\n\t\t\t\t<div class=\"elementor-icon-box-title\">\n\t\t\t\t\t<a href=\"#elementor-action:action=popup:open&settings=eyJpZCI6IjM5MTgiLCJ0b2dnbGUiOmZhbHNlfQ==\" >\n\t\t\t\t\t\tConcertar una cita\t\t\t\t\t<\/a>\n\t\t\t\t<\/div>\n\t\t\t\t\t\t\t<\/div>\n\t\t<\/div>\n\t\t\t\t<\/div>\n\t\t\t\t<\/div>\n\t\t\t\t\t<\/div>\n\t\t\t\t<\/div>\n\t\t\t\t\t\t\t<\/div>","protected":false},"excerpt":{"rendered":"<p>Service RossaCorsa Service works with passion, heart and focuses 100% on attention to detail. Our aim is to deliver optimum results whilst attending to every customer\u2019s needs. Our dedicated team has vast experience of servicing all models of Ferrari, from the most modern to classic Ferraris. Maintaining and servicing such sophisticated cars is an extremely [&hellip;]<\/p>","protected":false},"author":2,"featured_media":0,"parent":0,"menu_order":7,"comment_status":"closed","ping_status":"closed","template":"","meta":{"footnotes":""},"class_list":["post-3217","page","type-page","status-publish","hentry"],"acf":[],"_links":{"self":[{"href":"https:\/\/www.rossocorsa.gi\/es\/wp-json\/wp\/v2\/pages\/3217","targetHints":{"allow":["GET"]}}],"collection":[{"href":"https:\/\/www.rossocorsa.gi\/es\/wp-json\/wp\/v2\/pages"}],"about":[{"href":"https:\/\/www.rossocorsa.gi\/es\/wp-json\/wp\/v2\/types\/page"}],"author":[{"embeddable":true,"href":"https:\/\/www.rossocorsa.gi\/es\/wp-json\/wp\/v2\/users\/2"}],"replies":[{"embeddable":true,"href":"https:\/\/www.rossocorsa.gi\/es\/wp-json\/wp\/v2\/comments?post=3217"}],"version-history":[{"count":10,"href":"https:\/\/www.rossocorsa.gi\/es\/wp-json\/wp\/v2\/pages\/3217\/revisions"}],"predecessor-version":[{"id":10090,"href":"https:\/\/www.rossocorsa.gi\/es\/wp-json\/wp\/v2\/pages\/3217\/revisions\/10090"}],"wp:attachment":[{"href":"https:\/\/www.rossocorsa.gi\/es\/wp-json\/wp\/v2\/media?parent=3217"}],"curies":[{"name":"wp","href":"https:\/\/api.w.org\/{rel}","templated":true}]}}